{"id":12,"date":"2023-01-18T14:28:52","date_gmt":"2023-01-18T14:28:52","guid":{"rendered":"https:\/\/mattra.com.br\/?page_id=12"},"modified":"2023-01-19T15:07:52","modified_gmt":"2023-01-19T15:07:52","slug":"modulos","status":"publish","type":"page","link":"https:\/\/mattra.com.br\/?page_id=12","title":{"rendered":"M\u00f3dulos"},"content":{"rendered":"\n<p>Nossos m\u00f3dulos de galp\u00e3o para loca\u00e7\u00e3o come\u00e7am em 700m<sup>2<\/sup> e chegam at\u00e9 3400m<sup>2<\/sup>. As op\u00e7\u00f5es dispon\u00edveis na presente data contam com docas para carretas, excelente p\u00e1tio, p\u00e9 direito de 10m, piso de concreto polido e todas a comodidades de nosso condom\u00ednio log\u00edstico.<\/p>\n\n\n\n<p>Al\u00e9m disso nosso condom\u00ednio possui pr\u00e9dio de escrit\u00f3rio para loca\u00e7\u00e3o. Com 500m<sup>2<\/sup>, nossos escrit\u00f3rios s\u00e3o muito bem acabados e podem ser subdivididos em at\u00e9 duas unidades. Apresenta p\u00e1tio, estacionamento e entradas separadas.<\/p>\n\n\n\n<p>Para informa\u00e7\u00f5es mais atualizadas favor acessar nosso perfil no Zap Im\u00f3veis ou ligar no (31)99903-0190<\/p>\n\n\n\n<div class=\"is-layout-flex wp-block-buttons\">\n<div class=\"wp-block-button\"><a class=\"wp-block-button__link wp-element-button\" href=\"https:\/\/www.zapimoveis.com.br\/imobiliaria\/287167\/\" target=\"_blank\" rel=\"noreferrer noopener\">Zap Im\u00f3veis<\/a><\/div>\n<\/div>\n","protected":false},"excerpt":{"rendered":"<p>Nossos m\u00f3dulos de galp\u00e3o para loca\u00e7\u00e3o come\u00e7am em 700m2 e chegam at\u00e9 3400m2. As op\u00e7\u00f5es dispon\u00edveis na presente data contam com docas para carretas, excelente p\u00e1tio, p\u00e9 direito de 10m, piso de concreto polido e todas a comodidades de nosso condom\u00ednio log\u00edstico. Al\u00e9m disso nosso condom\u00ednio possui pr\u00e9dio de escrit\u00f3rio para loca\u00e7\u00e3o. Com 500m2, nossos &hellip; <\/p>\n<p class=\"link-more\"><a href=\"https:\/\/mattra.com.br\/?page_id=12\" class=\"more-link\">Continue lendo<span class=\"screen-reader-text\"> &#8220;M\u00f3dulos&#8221;<\/span><\/a><\/p>\n","protected":false},"author":1,"featured_media":44,"parent":0,"menu_order":0,"comment_status":"closed","ping_status":"closed","template":"","meta":[],"_links":{"self":[{"href":"https:\/\/mattra.com.br\/index.php?rest_route=\/wp\/v2\/pages\/12"}],"collection":[{"href":"https:\/\/mattra.com.br\/index.php?rest_route=\/wp\/v2\/pages"}],"about":[{"href":"https:\/\/mattra.com.br\/index.php?rest_route=\/wp\/v2\/types\/page"}],"author":[{"embeddable":true,"href":"https:\/\/mattra.com.br\/index.php?rest_route=\/wp\/v2\/users\/1"}],"replies":[{"embeddable":true,"href":"https:\/\/mattra.com.br\/index.php?rest_route=%2Fwp%2Fv2%2Fcomments&post=12"}],"version-history":[{"count":3,"href":"https:\/\/mattra.com.br\/index.php?rest_route=\/wp\/v2\/pages\/12\/revisions"}],"predecessor-version":[{"id":15,"href":"https:\/\/mattra.com.br\/index.php?rest_route=\/wp\/v2\/pages\/12\/revisions\/15"}],"wp:featuredmedia":[{"embeddable":true,"href":"https:\/\/mattra.com.br\/index.php?rest_route=\/wp\/v2\/media\/44"}],"wp:attachment":[{"href":"https:\/\/mattra.com.br\/index.php?rest_route=%2Fwp%2Fv2%2Fmedia&parent=12"}],"curies":[{"name":"wp","href":"https:\/\/api.w.org\/{rel}","templated":true}]}}