{"id":28,"date":"2023-01-18T14:35:09","date_gmt":"2023-01-18T14:35:09","guid":{"rendered":"https:\/\/mattra.com.br\/?page_id=28"},"modified":"2023-01-18T14:44:30","modified_gmt":"2023-01-18T14:44:30","slug":"seja-bem-vindo","status":"publish","type":"page","link":"https:\/\/mattra.com.br\/","title":{"rendered":"Seja Bem Vindo!"},"content":{"rendered":"\n<p>O Mattra Center \u00e9 um centro log\u00edstico, um condom\u00ednio fechado de galp\u00f5es localizado na zona sul de Belo Horizonte, \u00e0 margem do Anel Rodovi\u00e1rio de BH.<\/p>\n\n\n\n<div class=\"is-layout-flex wp-block-buttons\">\n<div class=\"wp-block-button\"><a class=\"wp-block-button__link wp-element-button\" href=\"https:\/\/business.google.com\/v\/_\/AKsrIN0yRdd9biwfMFFQBY8s08bbuIbhQvF1ykfs8edAk-vsLQpi4Z4\/e4c6\/_?exp=1778401&amp;myads=1\" target=\"_blank\" rel=\"noreferrer noopener\">Perfil Google<\/a><\/div>\n\n\n\n<div class=\"wp-block-button\"><a class=\"wp-block-button__link wp-element-button\" href=\"https:\/\/www.zapimoveis.com.br\/imobiliaria\/287167\/\" target=\"_blank\" rel=\"noreferrer noopener\">Zap Im\u00f3veis<\/a><\/div>\n\n\n\n<div class=\"wp-block-button\"><a class=\"wp-block-button__link wp-element-button\" href=\"https:\/\/www.google.com\/maps\/dir\/\/mattra+center\/@-19.9767086,-43.9932778,17z\/data=!4m8!4m7!1m0!1m5!1m1!1s0xa693d4374e37dd:0xa29d098aba26cf22!2m2!1d-43.9890836!2d-19.9766969\" target=\"_blank\" rel=\"noreferrer noopener\">Maps<\/a><\/div>\n<\/div>\n","protected":false},"excerpt":{"rendered":"<p>O Mattra Center \u00e9 um centro log\u00edstico, um condom\u00ednio fechado de galp\u00f5es localizado na zona sul de Belo Horizonte, \u00e0 margem do Anel Rodovi\u00e1rio de BH.<\/p>\n","protected":false},"author":1,"featured_media":0,"parent":0,"menu_order":0,"comment_status":"closed","ping_status":"closed","template":"","meta":[],"_links":{"self":[{"href":"https:\/\/mattra.com.br\/index.php?rest_route=\/wp\/v2\/pages\/28"}],"collection":[{"href":"https:\/\/mattra.com.br\/index.php?rest_route=\/wp\/v2\/pages"}],"about":[{"href":"https:\/\/mattra.com.br\/index.php?rest_route=\/wp\/v2\/types\/page"}],"author":[{"embeddable":true,"href":"https:\/\/mattra.com.br\/index.php?rest_route=\/wp\/v2\/users\/1"}],"replies":[{"embeddable":true,"href":"https:\/\/mattra.com.br\/index.php?rest_route=%2Fwp%2Fv2%2Fcomments&post=28"}],"version-history":[{"count":2,"href":"https:\/\/mattra.com.br\/index.php?rest_route=\/wp\/v2\/pages\/28\/revisions"}],"predecessor-version":[{"id":35,"href":"https:\/\/mattra.com.br\/index.php?rest_route=\/wp\/v2\/pages\/28\/revisions\/35"}],"wp:attachment":[{"href":"https:\/\/mattra.com.br\/index.php?rest_route=%2Fwp%2Fv2%2Fmedia&parent=28"}],"curies":[{"name":"wp","href":"https:\/\/api.w.org\/{rel}","templated":true}]}}