{"id":6,"date":"2023-01-18T14:15:55","date_gmt":"2023-01-18T14:15:55","guid":{"rendered":"https:\/\/mattra.com.br\/?page_id=6"},"modified":"2023-01-18T14:46:24","modified_gmt":"2023-01-18T14:46:24","slug":"estrutura","status":"publish","type":"page","link":"https:\/\/mattra.com.br\/?page_id=6","title":{"rendered":"Estrutura"},"content":{"rendered":"\n<p>Temos o espa\u00e7o necess\u00e1rio para o seu neg\u00f3cio! Com 13.000m\u00b2 de ABL (\u00e1rea bruta loc\u00e1vel), possu\u00edmos m\u00f3dulos variados de 700m\u00b2 a 2.500m\u00b2, com aptid\u00e3o log\u00edstica e comercial, tendo op\u00e7\u00f5es com e sem docas. A estrutura tem p\u00e9 direito de 10 m, com piso em concreto polido, com capacidade de 5 ton\/m\u00b2 e galp\u00e3o com sistema de SPDA.<\/p>\n","protected":false},"excerpt":{"rendered":"<p>Temos o espa\u00e7o necess\u00e1rio para o seu neg\u00f3cio! Com 13.000m\u00b2 de ABL (\u00e1rea bruta loc\u00e1vel), possu\u00edmos m\u00f3dulos variados de 700m\u00b2 a 2.500m\u00b2, com aptid\u00e3o log\u00edstica e comercial, tendo op\u00e7\u00f5es com e sem docas. A estrutura tem p\u00e9 direito de 10 m, com piso em concreto polido, com capacidade de 5 ton\/m\u00b2 e galp\u00e3o com sistema &hellip; <\/p>\n<p class=\"link-more\"><a href=\"https:\/\/mattra.com.br\/?page_id=6\" class=\"more-link\">Continue lendo<span class=\"screen-reader-text\"> &#8220;Estrutura&#8221;<\/span><\/a><\/p>\n","protected":false},"author":1,"featured_media":38,"parent":0,"menu_order":0,"comment_status":"closed","ping_status":"closed","template":"","meta":[],"_links":{"self":[{"href":"https:\/\/mattra.com.br\/index.php?rest_route=\/wp\/v2\/pages\/6"}],"collection":[{"href":"https:\/\/mattra.com.br\/index.php?rest_route=\/wp\/v2\/pages"}],"about":[{"href":"https:\/\/mattra.com.br\/index.php?rest_route=\/wp\/v2\/types\/page"}],"author":[{"embeddable":true,"href":"https:\/\/mattra.com.br\/index.php?rest_route=\/wp\/v2\/users\/1"}],"replies":[{"embeddable":true,"href":"https:\/\/mattra.com.br\/index.php?rest_route=%2Fwp%2Fv2%2Fcomments&post=6"}],"version-history":[{"count":1,"href":"https:\/\/mattra.com.br\/index.php?rest_route=\/wp\/v2\/pages\/6\/revisions"}],"predecessor-version":[{"id":7,"href":"https:\/\/mattra.com.br\/index.php?rest_route=\/wp\/v2\/pages\/6\/revisions\/7"}],"wp:featuredmedia":[{"embeddable":true,"href":"https:\/\/mattra.com.br\/index.php?rest_route=\/wp\/v2\/media\/38"}],"wp:attachment":[{"href":"https:\/\/mattra.com.br\/index.php?rest_route=%2Fwp%2Fv2%2Fmedia&parent=6"}],"curies":[{"name":"wp","href":"https:\/\/api.w.org\/{rel}","templated":true}]}}