{"id":8,"date":"2023-01-18T14:16:31","date_gmt":"2023-01-18T14:16:31","guid":{"rendered":"https:\/\/mattra.com.br\/?page_id=8"},"modified":"2023-01-18T14:49:52","modified_gmt":"2023-01-18T14:49:52","slug":"localizacao","status":"publish","type":"page","link":"https:\/\/mattra.com.br\/?page_id=8","title":{"rendered":"Localiza\u00e7\u00e3o"},"content":{"rendered":"\n<p>Com localiza\u00e7\u00e3o privilegiada, pr\u00f3ximo a zona Sul de BH, facilitando o escoamento regional e para regi\u00e3o metropolitana. Situado entre os bairros Bet\u00e2nia e Buritis, a 1 Km da Central de Distribui\u00e7\u00e3o da Arcelor Mittal, a 4 Km do BH Outlet e da loja do Leroy Merlin Belvedere e a 6 Km do BH Shopping e Telha Norte.<\/p>\n\n\n\t\t<div id=\"wpmapblock_494a7a0d\" data-settings='{&quot;map_marker&quot;:[{&quot;lat&quot;:&quot;-19.97670656046&quot;,&quot;lng&quot;:&quot;-43.989086151123&quot;,&quot;title&quot;:&quot;Mattra Center&quot;,&quot;content&quot;:&quot;Conhe\\u00e7a nosso condom\\u00ednio log\\u00edstico!&quot;,&quot;iconType&quot;:&quot;default&quot;,&quot;customIconUrl&quot;:&quot;&quot;,&quot;customIconWidth&quot;:&quot;25&quot;,&quot;customIconHeight&quot;:&quot;40&quot;}],&quot;map_zoom&quot;:&quot;13&quot;,&quot;scroll_wheel_zoom&quot;:&quot;1&quot;,&quot;map_type&quot;:&quot;GM&quot;,&quot;center_index&quot;:0}' class=\"wpmapblockrender\" style=\"\n\t\t\twidth: 100%;\n\t\t\theight: 500px;\n\t\t\"><\/div>\n        ","protected":false},"excerpt":{"rendered":"<p>Com localiza\u00e7\u00e3o privilegiada, pr\u00f3ximo a zona Sul de BH, facilitando o escoamento regional e para regi\u00e3o metropolitana. Situado entre os bairros Bet\u00e2nia e Buritis, a 1 Km da Central de Distribui\u00e7\u00e3o da Arcelor Mittal, a 4 Km do BH Outlet e da loja do Leroy Merlin Belvedere e a 6 Km do BH Shopping e &hellip; <\/p>\n<p class=\"link-more\"><a href=\"https:\/\/mattra.com.br\/?page_id=8\" class=\"more-link\">Continue lendo<span class=\"screen-reader-text\"> &#8220;Localiza\u00e7\u00e3o&#8221;<\/span><\/a><\/p>\n","protected":false},"author":1,"featured_media":37,"parent":0,"menu_order":0,"comment_status":"closed","ping_status":"closed","template":"","meta":[],"_links":{"self":[{"href":"https:\/\/mattra.com.br\/index.php?rest_route=\/wp\/v2\/pages\/8"}],"collection":[{"href":"https:\/\/mattra.com.br\/index.php?rest_route=\/wp\/v2\/pages"}],"about":[{"href":"https:\/\/mattra.com.br\/index.php?rest_route=\/wp\/v2\/types\/page"}],"author":[{"embeddable":true,"href":"https:\/\/mattra.com.br\/index.php?rest_route=\/wp\/v2\/users\/1"}],"replies":[{"embeddable":true,"href":"https:\/\/mattra.com.br\/index.php?rest_route=%2Fwp%2Fv2%2Fcomments&post=8"}],"version-history":[{"count":3,"href":"https:\/\/mattra.com.br\/index.php?rest_route=\/wp\/v2\/pages\/8\/revisions"}],"predecessor-version":[{"id":43,"href":"https:\/\/mattra.com.br\/index.php?rest_route=\/wp\/v2\/pages\/8\/revisions\/43"}],"wp:featuredmedia":[{"embeddable":true,"href":"https:\/\/mattra.com.br\/index.php?rest_route=\/wp\/v2\/media\/37"}],"wp:attachment":[{"href":"https:\/\/mattra.com.br\/index.php?rest_route=%2Fwp%2Fv2%2Fmedia&parent=8"}],"curies":[{"name":"wp","href":"https:\/\/api.w.org\/{rel}","templated":true}]}}